{"id":88994,"date":"2024-05-08T08:36:22","date_gmt":"2024-05-08T06:36:22","guid":{"rendered":"https:\/\/www.conceptlicht.com\/?page_id=88994"},"modified":"2024-09-23T09:09:38","modified_gmt":"2024-09-23T07:09:38","slug":"aktuelles-instagram","status":"publish","type":"page","link":"https:\/\/www.conceptlicht.com\/en\/aktuelles-instagram\/","title":{"rendered":"Aktuelles Instagram"},"content":{"rendered":"<div data-elementor-type=\"wp-page\" data-elementor-id=\"88994\" class=\"elementor elementor-88994\">\n\t\t\t\t\t\t<section data-parallax-section-settings=\"{&quot;parallax_ratio&quot;:0.5,&quot;parallax&quot;:&quot;parallax&quot;}\" data-scroll-to-down-settings=\"{&quot;scroll_to_down&quot;:&quot;yes&quot;,&quot;scroll_style_types&quot;:&quot;default&quot;,&quot;scroll_target_id&quot;:&quot;#start&quot;,&quot;scroll_text_separator&quot;:&quot;yes&quot;,&quot;scroll_text&quot;:&quot;Scroll&quot;,&quot;scroll_custom_image&quot;:&quot;&quot;,&quot;scroll_icon&quot;:&quot;&lt;i aria-hidden=\\&quot;true\\&quot; class=\\&quot;fas fa-arrow-down\\&quot;&gt;&lt;\\\/i&gt;&quot;}\" class=\"elementor-section elementor-top-section elementor-element elementor-element-2dd4f715 elementor-section-height-min-height elementor-section-boxed elementor-section-height-default elementor-section-items-middle\" data-id=\"2dd4f715\" data-element_type=\"section\" data-e-type=\"section\" data-settings=\"{&quot;background_background&quot;:&quot;classic&quot;}\">\n\t\t\t\t\t\t\t<div class=\"elementor-background-overlay\"><\/div>\n\t\t\t\t\t\t\t<div class=\"elementor-container elementor-column-gap-default\">\n\t\t\t\t\t<div class=\"elementor-column elementor-col-100 elementor-top-column elementor-element elementor-element-255edb33\" data-fullscreen-column-settings=\"{&quot;fullscreen&quot;:&quot;&quot;}\" data-id=\"255edb33\" data-element_type=\"column\" data-e-type=\"column\" data-settings=\"{&quot;animation&quot;:&quot;none&quot;}\">\n\t\t\t<div class=\"elementor-widget-wrap elementor-element-populated\">\n\t\t\t\t\t\t<div class=\"elementor-element elementor-element-7d71921d elementor-widget elementor-widget-text-editor\" data-id=\"7d71921d\" data-element_type=\"widget\" data-e-type=\"widget\" data-widget_type=\"text-editor.default\">\n\t\t\t\t<div class=\"elementor-widget-container\">\n\t\t\t\t\t\t\t\t\t<p>NEWS<\/p>\t\t\t\t\t\t\t\t<\/div>\n\t\t\t\t<\/div>\n\t\t\t\t\t<\/div>\n\t\t<\/div>\n\t\t\t\t\t<\/div>\n\t\t<\/section>\n\t\t\t\t<section class=\"elementor-section elementor-top-section elementor-element elementor-element-40f7ed7e elementor-section-boxed elementor-section-height-default elementor-section-height-default\" data-id=\"40f7ed7e\" data-element_type=\"section\" data-e-type=\"section\" id=\"start\">\n\t\t\t\t\t\t<div class=\"elementor-container elementor-column-gap-default\">\n\t\t\t\t\t<div class=\"elementor-column elementor-col-100 elementor-top-column elementor-element elementor-element-892f9b1\" data-fullscreen-column-settings=\"{&quot;fullscreen&quot;:&quot;&quot;}\" data-id=\"892f9b1\" data-element_type=\"column\" data-e-type=\"column\">\n\t\t\t<div class=\"elementor-widget-wrap elementor-element-populated\">\n\t\t\t\t\t\t<div class=\"elementor-element elementor-element-1df788a2 elementor-widget elementor-widget-litho-portfolio\" data-id=\"1df788a2\" data-element_type=\"widget\" data-e-type=\"widget\" data-settings=\"{&quot;litho_portfolio_style&quot;:&quot;portfolio-boxed&quot;}\" data-widget_type=\"litho-portfolio.default\">\n\t\t\t\t<div class=\"elementor-widget-container\">\n\t\t\t\t\t\t\t\t\t<div class=\"filter-content\">\n\t\t\t\t\t\t\t\t<ul class=\"portfolio-boxed portfolio-wrap grid-masonry portfolio-grid grid grid-loading portfolio-grid-with-filter grid-2col xl-grid-2col lg-grid-2col md-grid-2col sm-grid-2col xs-grid-1col\" data-filter-status=\"yes\" data-portfolio-settings=\"{&quot;pagination_type&quot;:&quot;&quot;,&quot;litho_enable_masonry&quot;:&quot;yes&quot;}\">\n\t\t\t\t\t\t\t\t\t<li class=\"grid-sizer\"><\/li>\n\t\t\t\t\t\t\t\t\t\t\t\t\t<li class=\"portfolio-item grid-item portfolio-filter-102\"><a href=\"https:\/\/www.conceptlicht.com\/en\/portfolio\/vortrag-metamorphase-eines-oeffentlichen-raumes\/\" target=\"_self\"><figure >\n\t\t\t\t\t\t\t\t\t\t<div class=\"portfolio-image\"><img fetchpriority=\"high\" decoding=\"async\" width=\"1800\" height=\"1463\" src=\"https:\/\/www.conceptlicht.com\/wp-content\/uploads\/2026\/03\/Vortrag-FILD.webp\" class=\"attachment-full size-full wp-post-image\" alt=\"Vortrag FILD\" srcset=\"https:\/\/www.conceptlicht.com\/wp-content\/uploads\/2026\/03\/Vortrag-FILD.webp 1800w, https:\/\/www.conceptlicht.com\/wp-content\/uploads\/2026\/03\/Vortrag-FILD-300x244.webp 300w, https:\/\/www.conceptlicht.com\/wp-content\/uploads\/2026\/03\/Vortrag-FILD-1024x832.webp 1024w, https:\/\/www.conceptlicht.com\/wp-content\/uploads\/2026\/03\/Vortrag-FILD-768x624.webp 768w, https:\/\/www.conceptlicht.com\/wp-content\/uploads\/2026\/03\/Vortrag-FILD-1536x1248.webp 1536w, https:\/\/www.conceptlicht.com\/wp-content\/uploads\/2026\/03\/Vortrag-FILD-15x12.webp 15w, https:\/\/www.conceptlicht.com\/wp-content\/uploads\/2026\/03\/Vortrag-FILD-1568x1274.webp 1568w\" sizes=\"(max-width: 1800px) 100vw, 1800px\" \/><\/div>\n\t\t\t\t\t\t\t\t\t\t\t\t\t\t\t\t\t\t\t\t\t<figcaption>\n\t\t\t\t\t\t\t\t\t\t\t\t<div class=\"portfolio-caption\">\n\t\t\t\t\t\t\t\t\t\t\t\t\t<div class=\"portfolio-caption-text\"><span class=\"title\">Vortrag Metamorphose eines \u00f6ffentlichen Raumes<\/span><\/div>\n\t\t\t\t\t\t\t\t\t\t\t\t\t\t\t\t\t\t\t\t\t\t\t\t\t<\/div>\n\t\t\t\t\t\t\t\t\t\t\t<\/figcaption>\n\t\t\t\t\t\t\t\t\t\t\t\t\t\t\t\t\t\t\t<\/figure><\/a>\t\t\t\t\t\t\t\t<\/li>\n\t\t\t\t\t\t\t\t\t\t\t\t\t\t\t\t<li class=\"portfolio-item grid-item portfolio-filter-102\"><a href=\"https:\/\/www.conceptlicht.com\/en\/portfolio\/light-building-2026-guided-tour-jan-nielsen\/\" target=\"_self\"><figure >\n\t\t\t\t\t\t\t\t\t\t<div class=\"portfolio-image\"><img decoding=\"async\" width=\"1800\" height=\"1463\" src=\"https:\/\/www.conceptlicht.com\/wp-content\/uploads\/2023\/12\/aktuelles-LB.webp\" class=\"attachment-full size-full wp-post-image\" alt=\"Aktuelles L&amp;B\" srcset=\"https:\/\/www.conceptlicht.com\/wp-content\/uploads\/2023\/12\/aktuelles-LB.webp 1800w, https:\/\/www.conceptlicht.com\/wp-content\/uploads\/2023\/12\/aktuelles-LB-300x244.webp 300w, https:\/\/www.conceptlicht.com\/wp-content\/uploads\/2023\/12\/aktuelles-LB-1024x832.webp 1024w, https:\/\/www.conceptlicht.com\/wp-content\/uploads\/2023\/12\/aktuelles-LB-768x624.webp 768w, https:\/\/www.conceptlicht.com\/wp-content\/uploads\/2023\/12\/aktuelles-LB-1536x1248.webp 1536w, https:\/\/www.conceptlicht.com\/wp-content\/uploads\/2023\/12\/aktuelles-LB-15x12.webp 15w, https:\/\/www.conceptlicht.com\/wp-content\/uploads\/2023\/12\/aktuelles-LB-1568x1274.webp 1568w\" sizes=\"(max-width: 1800px) 100vw, 1800px\" \/><\/div>\n\t\t\t\t\t\t\t\t\t\t\t\t\t\t\t\t\t\t\t\t\t<figcaption>\n\t\t\t\t\t\t\t\t\t\t\t\t<div class=\"portfolio-caption\">\n\t\t\t\t\t\t\t\t\t\t\t\t\t<div class=\"portfolio-caption-text\"><span class=\"title\">Light + Building 2026 | Guided Tour: Jan Nielsen<\/span><\/div>\n\t\t\t\t\t\t\t\t\t\t\t\t\t\t\t\t\t\t\t\t\t\t\t\t\t<\/div>\n\t\t\t\t\t\t\t\t\t\t\t<\/figcaption>\n\t\t\t\t\t\t\t\t\t\t\t\t\t\t\t\t\t\t\t<\/figure><\/a>\t\t\t\t\t\t\t\t<\/li>\n\t\t\t\t\t\t\t\t\t\t\t\t\t\t\t\t<li class=\"portfolio-item grid-item portfolio-filter-102\"><a href=\"https:\/\/www.conceptlicht.com\/en\/portfolio\/lichtplaner-gesucht\/\" target=\"_self\"><figure >\n\t\t\t\t\t\t\t\t\t\t<div class=\"portfolio-image\"><img decoding=\"async\" width=\"1800\" height=\"1463\" src=\"https:\/\/www.conceptlicht.com\/wp-content\/uploads\/2023\/07\/Conceptlicht.com_Lichtplaner_BEITRAGSBILD-1800.webp\" class=\"attachment-full size-full wp-post-image\" alt=\"Conceptlicht.com_Lichtplaner_BEITRAGSBILD-1800\" srcset=\"https:\/\/www.conceptlicht.com\/wp-content\/uploads\/2023\/07\/Conceptlicht.com_Lichtplaner_BEITRAGSBILD-1800.webp 1800w, https:\/\/www.conceptlicht.com\/wp-content\/uploads\/2023\/07\/Conceptlicht.com_Lichtplaner_BEITRAGSBILD-1800-300x244.webp 300w, https:\/\/www.conceptlicht.com\/wp-content\/uploads\/2023\/07\/Conceptlicht.com_Lichtplaner_BEITRAGSBILD-1800-1024x832.webp 1024w, https:\/\/www.conceptlicht.com\/wp-content\/uploads\/2023\/07\/Conceptlicht.com_Lichtplaner_BEITRAGSBILD-1800-768x624.webp 768w, https:\/\/www.conceptlicht.com\/wp-content\/uploads\/2023\/07\/Conceptlicht.com_Lichtplaner_BEITRAGSBILD-1800-1536x1248.webp 1536w, https:\/\/www.conceptlicht.com\/wp-content\/uploads\/2023\/07\/Conceptlicht.com_Lichtplaner_BEITRAGSBILD-1800-200x163.webp 200w, https:\/\/www.conceptlicht.com\/wp-content\/uploads\/2023\/07\/Conceptlicht.com_Lichtplaner_BEITRAGSBILD-1800-1568x1274.webp 1568w\" sizes=\"(max-width: 1800px) 100vw, 1800px\" \/><\/div>\n\t\t\t\t\t\t\t\t\t\t\t\t\t\t\t\t\t\t\t\t\t<figcaption>\n\t\t\t\t\t\t\t\t\t\t\t\t<div class=\"portfolio-caption\">\n\t\t\t\t\t\t\t\t\t\t\t\t\t<div class=\"portfolio-caption-text\"><span class=\"title\">Lichtplaner gesucht (only in german)<\/span><\/div>\n\t\t\t\t\t\t\t\t\t\t\t\t\t\t\t\t\t\t\t\t\t\t\t\t\t<\/div>\n\t\t\t\t\t\t\t\t\t\t\t<\/figcaption>\n\t\t\t\t\t\t\t\t\t\t\t\t\t\t\t\t\t\t\t<\/figure><\/a>\t\t\t\t\t\t\t\t<\/li>\n\t\t\t\t\t\t\t\t\t\t\t\t\t\t\t\t<li class=\"portfolio-item grid-item portfolio-filter-102\"><a href=\"https:\/\/www.conceptlicht.com\/en\/portfolio\/praktikumsstelle\/\" target=\"_self\"><figure >\n\t\t\t\t\t\t\t\t\t\t<div class=\"portfolio-image\"><img loading=\"lazy\" decoding=\"async\" width=\"1800\" height=\"1463\" src=\"https:\/\/www.conceptlicht.com\/wp-content\/uploads\/2023\/07\/Conceptlicht.com_Praktikant_BEITRAGSBILD-1800.webp\" class=\"attachment-full size-full wp-post-image\" alt=\"Conceptlicht.com_Praktikant_BEITRAGSBILD-1800\" srcset=\"https:\/\/www.conceptlicht.com\/wp-content\/uploads\/2023\/07\/Conceptlicht.com_Praktikant_BEITRAGSBILD-1800.webp 1800w, https:\/\/www.conceptlicht.com\/wp-content\/uploads\/2023\/07\/Conceptlicht.com_Praktikant_BEITRAGSBILD-1800-300x244.webp 300w, https:\/\/www.conceptlicht.com\/wp-content\/uploads\/2023\/07\/Conceptlicht.com_Praktikant_BEITRAGSBILD-1800-1024x832.webp 1024w, https:\/\/www.conceptlicht.com\/wp-content\/uploads\/2023\/07\/Conceptlicht.com_Praktikant_BEITRAGSBILD-1800-768x624.webp 768w, https:\/\/www.conceptlicht.com\/wp-content\/uploads\/2023\/07\/Conceptlicht.com_Praktikant_BEITRAGSBILD-1800-1536x1248.webp 1536w, https:\/\/www.conceptlicht.com\/wp-content\/uploads\/2023\/07\/Conceptlicht.com_Praktikant_BEITRAGSBILD-1800-200x163.webp 200w, https:\/\/www.conceptlicht.com\/wp-content\/uploads\/2023\/07\/Conceptlicht.com_Praktikant_BEITRAGSBILD-1800-1568x1274.webp 1568w\" sizes=\"(max-width: 1800px) 100vw, 1800px\" \/><\/div>\n\t\t\t\t\t\t\t\t\t\t\t\t\t\t\t\t\t\t\t\t\t<figcaption>\n\t\t\t\t\t\t\t\t\t\t\t\t<div class=\"portfolio-caption\">\n\t\t\t\t\t\t\t\t\t\t\t\t\t<div class=\"portfolio-caption-text\"><span class=\"title\">Praktikumsstelle (only in german)<\/span><\/div>\n\t\t\t\t\t\t\t\t\t\t\t\t\t\t\t\t\t\t\t\t\t\t\t\t\t<\/div>\n\t\t\t\t\t\t\t\t\t\t\t<\/figcaption>\n\t\t\t\t\t\t\t\t\t\t\t\t\t\t\t\t\t\t\t<\/figure><\/a>\t\t\t\t\t\t\t\t<\/li>\n\t\t\t\t\t\t\t\t\t\t\t\t<\/ul>\n\t\t\t\t\t\t\t\t<\/div>\n\t\t\t\t\t\t\t\t<\/div>\n\t\t\t\t<\/div>\n\t\t\t\t\t<\/div>\n\t\t<\/div>\n\t\t\t\t\t<\/div>\n\t\t<\/section>\n\t\t\t\t<section class=\"elementor-section elementor-top-section elementor-element elementor-element-154b4c93 elementor-section-boxed elementor-section-height-default elementor-section-height-default\" data-id=\"154b4c93\" data-element_type=\"section\" data-e-type=\"section\">\n\t\t\t\t\t\t<div class=\"elementor-container elementor-column-gap-default\">\n\t\t\t\t\t<div class=\"elementor-column elementor-col-100 elementor-top-column elementor-element elementor-element-618a56e8\" data-fullscreen-column-settings=\"{&quot;fullscreen&quot;:&quot;&quot;}\" data-id=\"618a56e8\" data-element_type=\"column\" data-e-type=\"column\">\n\t\t\t<div class=\"elementor-widget-wrap elementor-element-populated\">\n\t\t\t\t\t\t<div class=\"elementor-element elementor-element-4066fc14 elementor-widget elementor-widget-heading\" data-id=\"4066fc14\" data-element_type=\"widget\" data-e-type=\"widget\" data-widget_type=\"heading.default\">\n\t\t\t\t<div class=\"elementor-widget-container\">\n\t\t\t\t\t<h2 class=\"elementor-heading-title elementor-size-medium\">More updates about CONCEPTLICHT on Instagram<\/h2>\t\t\t\t<\/div>\n\t\t\t\t<\/div>\n\t\t\t\t\t<\/div>\n\t\t<\/div>\n\t\t\t\t\t<\/div>\n\t\t<\/section>\n\t\t\t\t<\/div>","protected":false},"excerpt":{"rendered":"<p>AKTUELLES Light + Building 2024 | Guided Tour: Jan Nielsen Lichtplaner gesucht (only in german) Praktikumsstelle (only in german) Mehr von CONCEPTLICHT auf Instagram<\/p>","protected":false},"author":1,"featured_media":0,"parent":0,"menu_order":0,"comment_status":"closed","ping_status":"closed","template":"","meta":{"slim_seo":{"title":"Praktikumsstelle (only in german) - Conceptlicht GmbH","description":"Praktikumsstelle f\u00fcr Lichtinteressierte Conceptlicht ist ein national und international t\u00e4tiges Lichtplanungsb\u00fcro. Unser Team ist auf der Suche nach talentierte"},"footnotes":""},"class_list":["post-88994","page","type-page","status-publish","hentry"],"_links":{"self":[{"href":"https:\/\/www.conceptlicht.com\/en\/wp-json\/wp\/v2\/pages\/88994","targetHints":{"allow":["GET"]}}],"collection":[{"href":"https:\/\/www.conceptlicht.com\/en\/wp-json\/wp\/v2\/pages"}],"about":[{"href":"https:\/\/www.conceptlicht.com\/en\/wp-json\/wp\/v2\/types\/page"}],"author":[{"embeddable":true,"href":"https:\/\/www.conceptlicht.com\/en\/wp-json\/wp\/v2\/users\/1"}],"replies":[{"embeddable":true,"href":"https:\/\/www.conceptlicht.com\/en\/wp-json\/wp\/v2\/comments?post=88994"}],"version-history":[{"count":0,"href":"https:\/\/www.conceptlicht.com\/en\/wp-json\/wp\/v2\/pages\/88994\/revisions"}],"wp:attachment":[{"href":"https:\/\/www.conceptlicht.com\/en\/wp-json\/wp\/v2\/media?parent=88994"}],"curies":[{"name":"wp","href":"https:\/\/api.w.org\/{rel}","templated":true}]}}